{"id":16,"date":"2024-01-29T16:48:23","date_gmt":"2024-01-29T16:48:23","guid":{"rendered":"https:\/\/startersites.io\/blocksy\/smile-dent\/?page_id=16"},"modified":"2025-06-23T12:29:43","modified_gmt":"2025-06-23T12:29:43","slug":"contact","status":"publish","type":"page","link":"https:\/\/ynsmak.com.tr\/index.php\/contact\/","title":{"rendered":"<font style=\"vertical-align: inherit;\"><font style=\"vertical-align: inherit;\">\u0130LET\u0130\u015e\u0130M<\/font><\/font>"},"content":{"rendered":"\n<div class=\"wp-block-greenshift-blocks-container gspb_container gspb_container-gsbp-b7a6313\" id=\"gspb_container-id-gsbp-b7a6313\"><div class=\"gspb_id-gsbp-f7008c2 wp-block-greenshift-blocks-map\"><div data-key=\"gspb_id_gsbp_f7008c2\" class=\"gspb_map-wrapper gspb_osmap\" id=\"gspb_map-gsbp-f7008c2\"><\/div><\/div>\n\n\n<div class=\"wp-block-greenshift-blocks-row gspb_row gspb_row-id-gsbp-1fe0cc7 gspb_row--gutter-custom-0\" id=\"gspb_row-id-gsbp-1fe0cc7\"><div class=\"gspb_row__content\"> \n<div class=\"wp-block-greenshift-blocks-row-column gspb_row__col--4 gspb_col-id-gsbp-a7c4119\" id=\"gspb_col-id-gsbp-a7c4119\">\n<h2 id=\"gspb_heading-id-gsbp-e8fa6a1\" class=\"gspb_heading gspb_heading-id-gsbp-e8fa6a1 \"><font style=\"vertical-align: inherit;\"><font style=\"vertical-align: inherit;\">Bilgi ve Teklif \u0130\u00e7in Bizimle Hemen \u0130leti\u015fime Ge\u00e7in<\/font><\/font><\/h2>\n\n\n\n<div id=\"gspb_text-id-gsbp-a947a91\" class=\"gspb_text gspb_text-id-gsbp-a947a91 \"><font style=\"vertical-align: inherit;\"><font style=\"vertical-align: inherit;\">Do\u011fru ekipman, do\u011fru \u00e7\u00f6z\u00fcmle ba\u015flar. \u00dcr\u00fcnlerimiz hakk\u0131nda detayl\u0131 bilgi almak, fiyat teklifi istemek veya \u00f6zel \u00fcretim talepleriniz i\u00e7in bize ula\u015f\u0131n. Uzman ekibimizle her zaman yan\u0131n\u0131zday\u0131z.<\/font><\/font><\/div>\n<\/div>\n\n\n\n<div class=\"wp-block-greenshift-blocks-row-column gspb_row__col--4 gspb_col-id-gsbp-05cbeb5\" id=\"gspb_col-id-gsbp-05cbeb5\">\n<h2 id=\"gspb_heading-id-gsbp-74ebe06\" class=\"gspb_heading gspb_heading-id-gsbp-74ebe06 \"><font style=\"vertical-align: inherit;\"><font style=\"vertical-align: inherit;\">Ziyaret Edin, G\u00f6r\u00fc\u015felim<\/font><\/font><\/h2>\n\n\n\n<div id=\"gspb_text-id-gsbp-65f42dc\" class=\"gspb_text gspb_text-id-gsbp-65f42dc \"><font style=\"vertical-align: inherit;\"><font style=\"vertical-align: inherit;\">Ofisimizi ve \u00fcretim alan\u0131m\u0131z\u0131 ziyaret ederek makinelerimizi yerinde inceleyebilirsiniz. Size en uygun \u00e7\u00f6z\u00fcm\u00fc y\u00fcz y\u00fcze konu\u015fmak i\u00e7in \u00e7ay\u0131m\u0131z da haz\u0131r.<\/font><\/font><\/div>\n<\/div>\n\n\n\n<div class=\"wp-block-greenshift-blocks-row-column gspb_row__col--4 gspb_col-id-gsbp-b56cce5\" id=\"gspb_col-id-gsbp-b56cce5\">\n<h2 id=\"gspb_heading-id-gsbp-203c9cf\" class=\"gspb_heading gspb_heading-id-gsbp-203c9cf \"><font style=\"vertical-align: inherit;\"><font style=\"vertical-align: inherit;\">Sizi Dinliyoruz, Size \u00d6zel \u00dcretiyoruz<\/font><\/font><\/h2>\n\n\n\n<div id=\"gspb_text-id-gsbp-0703bfc\" class=\"gspb_text gspb_text-id-gsbp-0703bfc \"><font style=\"vertical-align: inherit;\"><font style=\"vertical-align: inherit;\">\u0130htiyac\u0131n\u0131za en uygun tar\u0131m ve \u00e7iftlik ekipman\u0131n\u0131 birlikte belirleyelim. Bize ula\u015f\u0131n, \u00fcretiminizi kolayla\u015ft\u0131racak \u00e7\u00f6z\u00fcmleri birlikte planlayal\u0131m. Sizi ve i\u015finizi dinlemek, bize de\u011fer katar. Her sorunuz i\u00e7in bir telefon, bir mesaj kadar yak\u0131n\u0131z.<\/font><\/font><\/div>\n<\/div>\n <\/div><\/div>\n<\/div>\n\n\n\n<div class=\"wp-block-greenshift-blocks-row gspb_row gspb_row-id-gsbp-6e2e20b gspb_row--gutter-custom-0\" id=\"gspb_row-id-gsbp-6e2e20b\"><div class=\"gspb_row__content\"> \n<div class=\"wp-block-greenshift-blocks-row-column gspb_row__col--6 gspb_row__col--md-12 gspb_col-id-gsbp-cb4d77e\" id=\"gspb_col-id-gsbp-cb4d77e\">\n<div class=\"wp-block-greenshift-blocks-iconbox gspb_iconBox gspb_iconBox-id-gsbp-45dde79\" id=\"gspb_iconBox-id-gsbp-45dde79\"><div class=\"gspb_iconBox__wrapper\" style=\"display:inline-flex\"><svg class=\"\" style=\"display:inline-block;vertical-align:middle\" width=\"72\" height=\"72\" viewBox=\"0 0 1024 1024\" xmlns=\"http:\/\/www.w3.org\/2000\/svg\"><path style=\"fill:#565D66\" d=\"M953 45.8l-188.4-43.4c-43.2-10-87.2 12.4-104.6 53.2l-87 203c-16 37.2-5.2 81.2 26.2 106.8l80 65.4c-57.2 104.8-143.6 191.2-248.4 248.2l-65.4-80c-25.6-31.4-69.6-42.2-106.8-26.2l-203.2 87c-40.8 17.4-63 61.4-53.2 104.6l43.4 188.4c9.6 41.8 46.4 71 89.2 71 489.8 0.2 889.2-396.4 889.2-888.8 0-42.8-29.2-79.6-71-89.2zM138.6 928l-41.8-181.4 196.4-84.2 111.4 136.2c197.6-92.8 301.2-196 394-394l-136.2-111.4 84.2-196.4 181.4 41.8c-2 435.2-354.2 787.4-789.4 789.4z\"><\/path><\/svg><\/div><\/div>\n\n\n\n<h2 id=\"gspb_heading-id-gsbp-ffac296\" class=\"gspb_heading gspb_heading-id-gsbp-ffac296 \">\u0130LET\u0130\u015e\u0130M<\/h2>\n\n\n\n<div id=\"gspb_text-id-gsbp-796777c\" class=\"gspb_text gspb_text-id-gsbp-796777c \">0538 570 09 03<\/div>\n\n\n\n<div class=\"wp-block-greenshift-blocks-iconbox gspb_iconBox gspb_iconBox-id-gsbp-e1f4a87\" id=\"gspb_iconBox-id-gsbp-e1f4a87\"><div class=\"gspb_iconBox__wrapper\" style=\"display:inline-flex\"><svg class=\"\" style=\"display:inline-block;vertical-align:middle\" width=\"72\" height=\"72\" viewBox=\"0 0 1024 1024\" xmlns=\"http:\/\/www.w3.org\/2000\/svg\"><path style=\"fill:#565D66\" d=\"M928 128h-832c-53 0-96 43-96 96v576c0 53 43 96 96 96h832c53 0 96-43 96-96v-576c0-53-43-96-96-96zM96 192h832c17.6 0 32 14.4 32 32v82.8c-43.8 37-106.4 88-301.2 242.6-33.8 26.8-100.4 91.4-146.8 90.6-46.4 0.8-113.2-63.8-146.8-90.6-194.8-154.6-257.4-205.6-301.2-242.6v-82.8c0-17.6 14.4-32 32-32zM928 832h-832c-17.6 0-32-14.4-32-32v-410c45.6 37.4 117.6 95.2 261.4 209.4 41 32.8 113.4 105 186.6 104.6 72.8 0.6 144.6-71 186.6-104.6 143.8-114.2 215.8-172 261.4-209.4v410c0 17.6-14.4 32-32 32z\"><\/path><\/svg><\/div><\/div>\n\n\n\n<h2 id=\"gspb_heading-id-gsbp-e3d6d52\" class=\"gspb_heading gspb_heading-id-gsbp-e3d6d52 \">E MA\u0130L<\/h2>\n\n\n\n<div id=\"gspb_text-id-gsbp-a6fe7af\" class=\"gspb_text gspb_text-id-gsbp-a6fe7af \">info@ynsmak.com.tr<\/div>\n\n\n\n<div class=\"wp-block-greenshift-blocks-iconbox gspb_iconBox gspb_iconBox-id-gsbp-a03404c\" id=\"gspb_iconBox-id-gsbp-a03404c\"><div class=\"gspb_iconBox__wrapper\" style=\"display:inline-flex\"><svg class=\"\" style=\"display:inline-block;vertical-align:middle\" width=\"72\" height=\"72\" viewBox=\"0 0 768 1024\" xmlns=\"http:\/\/www.w3.org\/2000\/svg\"><path style=\"fill:#565D66\" d=\"M384 192c-105.87 0-192 86.13-192 192s86.13 192 192 192 192-86.13 192-192-86.13-192-192-192zM384 512c-70.58 0-128-57.42-128-128s57.42-128 128-128 128 57.42 128 128-57.42 128-128 128zM384 0c-212.078 0-384 171.922-384 384 0 154.826 53.94 198.062 344.536 619.34 19.068 27.544 59.858 27.548 78.93 0 290.594-421.278 344.534-464.514 344.534-619.34 0-212.078-171.922-384-384-384zM384 947.862c-278.59-402.886-320-434.874-320-563.862 0-85.476 33.286-165.834 93.726-226.274s140.798-93.726 226.274-93.726 165.834 33.286 226.274 93.726 93.726 140.798 93.726 226.274c0 128.98-41.384 160.94-320 563.862z\"><\/path><\/svg><\/div><\/div>\n\n\n\n<h2 id=\"gspb_heading-id-gsbp-eddc1ee\" class=\"gspb_heading gspb_heading-id-gsbp-eddc1ee \"><font style=\"vertical-align: inherit;\"><font style=\"vertical-align: inherit;\">Adres<\/font><\/font><\/h2>\n\n\n\n<div id=\"gspb_text-id-gsbp-178d72b\" class=\"gspb_text gspb_text-id-gsbp-178d72b \">Selvilitepe mah. 105 sok. 152\/D Manisa \/ Turgutlu<\/div>\n<\/div>\n\n\n\n<div class=\"wp-block-greenshift-blocks-row-column gspb_row__col--6 gspb_row__col--md-12 gspb_col-id-gsbp-46d49b7\" id=\"gspb_col-id-gsbp-46d49b7\">\n<h2 id=\"gspb_heading-id-gsbp-d1b4c76\" class=\"gspb_heading gspb_heading-id-gsbp-d1b4c76 \"><font style=\"vertical-align: inherit;\"><font style=\"vertical-align: inherit;\">Bizden teklif almak i\u00e7in ;<\/font><\/font><\/h2>\n\n\n<\/div>\n <\/div><\/div>\n\n\n\n<div class=\"wp-block-greenshift-blocks-container alignfull gspb_container gspb_container-gsbp-318027b\" id=\"gspb_container-id-gsbp-318027b\"><\/div>\n","protected":false},"excerpt":{"rendered":"","protected":false},"author":1,"featured_media":0,"parent":0,"menu_order":0,"comment_status":"closed","ping_status":"closed","template":"","meta":{"_gspb_post_css":".gspb_container-id-gsbp-b7a6313{flex-direction:column;box-sizing:border-box}#gspb_container-id-gsbp-318027b.gspb_container>p:last-of-type,#gspb_container-id-gsbp-b7a6313.gspb_container>p:last-of-type{margin-bottom:0}#gspb_container-id-gsbp-b7a6313.gspb_container{position:relative;margin-bottom:120px;padding:80px}@media (max-width:991.98px){#gspb_container-id-gsbp-b7a6313.gspb_container{margin-bottom:80px;padding:50px}}@media (max-width:575.98px){#gspb_container-id-gsbp-b7a6313.gspb_container{margin-bottom:60px;padding:35px}}#gspb_container-id-gsbp-b7a6313.gspb_container,#gspb_container-id-gsbp-b7a6313.gspb_container>.gspb_backgroundOverlay{border-top-left-radius:40px;border-top-right-radius:40px;border-bottom-right-radius:40px;border-bottom-left-radius:40px}#gspb_container-id-gsbp-b7a6313.gspb_container{background-color:var(--wp--preset--color--palette-color-7, var(--theme-palette-color-7, #F7FAFD))}#gspb_row-id-gsbp-1fe0cc7{justify-content:space-between;margin-bottom:0;display:flex;flex-wrap:wrap;margin-top:70px}#gspb_row-id-gsbp-1fe0cc7>.gspb_row__content{display:flex;justify-content:space-between;margin:0 auto;width:100%;flex-wrap:wrap}div[id^=gspb_col-id]{box-sizing:border-box;position:relative;padding:var(--gs-row-column-padding, 15px min(3vw, 20px))}@media (max-width:575.98px){#gspb_row-id-gsbp-1fe0cc7>.gspb_row__content{row-gap:40px}}@media (max-width:991.98px){#gspb_row-id-gsbp-1fe0cc7{margin-top:40px}}#gspb_col-id-gsbp-a7c4119.gspb_row__col--4{width:calc(33.333333333333336% - 75px)}@media (max-width:991.98px){#gspb_col-id-gsbp-a7c4119.gspb_row__col--4{width:calc(33.333333333333336% - 25px)}}@media (max-width:767.98px){#gspb_col-id-gsbp-a7c4119.gspb_row__col--4{width:calc(33.333333333333336% - 25px)}}@media (max-width:575.98px){#gspb_col-id-gsbp-a7c4119.gspb_row__col--4{width:100%}}.gspb_row #gspb_col-id-gsbp-05cbeb5.gspb_row__col--4,.gspb_row #gspb_col-id-gsbp-a7c4119.gspb_row__col--4,.gspb_row #gspb_col-id-gsbp-b56cce5.gspb_row__col--4{padding:0}#gspb_heading-id-gsbp-e8fa6a1{font-size:22px}@media (max-width:991.98px){#gspb_heading-id-gsbp-e8fa6a1{font-size:20px;text-align:center!important}#gspb_heading-id-gsbp-e8fa6a1 .gsap-g-line{text-align:center!important}}#gspb_heading-id-gsbp-e8fa6a1{margin-top:0;margin-bottom:10px}@media (max-width:991.98px){.gspb_text-id-gsbp-a947a91,.gspb_text-id-gsbp-a947a91 .gsap-g-line{text-align:center!important}}#gspb_col-id-gsbp-05cbeb5.gspb_row__col--4{width:calc(33.333333333333336% - 75px)}@media (max-width:991.98px){#gspb_col-id-gsbp-05cbeb5.gspb_row__col--4{width:calc(33.333333333333336% - 25px)}}@media (max-width:767.98px){#gspb_col-id-gsbp-05cbeb5.gspb_row__col--4{width:calc(33.333333333333336% - 25px)}}@media (max-width:575.98px){#gspb_col-id-gsbp-05cbeb5.gspb_row__col--4{width:100%}}#gspb_heading-id-gsbp-74ebe06{font-size:22px}@media (max-width:991.98px){#gspb_heading-id-gsbp-74ebe06{font-size:20px;text-align:center!important}#gspb_heading-id-gsbp-74ebe06 .gsap-g-line{text-align:center!important}}#gspb_heading-id-gsbp-74ebe06{margin-top:0;margin-bottom:10px}@media (max-width:991.98px){.gspb_text-id-gsbp-65f42dc,.gspb_text-id-gsbp-65f42dc .gsap-g-line{text-align:center!important}}#gspb_col-id-gsbp-b56cce5.gspb_row__col--4{width:calc(33.333333333333336% - 75px)}@media (max-width:991.98px){#gspb_col-id-gsbp-b56cce5.gspb_row__col--4{width:calc(33.333333333333336% - 25px)}}@media (max-width:767.98px){#gspb_col-id-gsbp-b56cce5.gspb_row__col--4{width:calc(33.333333333333336% - 25px)}}@media (max-width:575.98px){#gspb_col-id-gsbp-b56cce5.gspb_row__col--4{width:100%}}#gspb_heading-id-gsbp-203c9cf{font-size:22px}@media (max-width:991.98px){#gspb_heading-id-gsbp-203c9cf{font-size:20px;text-align:center!important}#gspb_heading-id-gsbp-203c9cf .gsap-g-line{text-align:center!important}}#gspb_heading-id-gsbp-203c9cf{margin-top:0;margin-bottom:10px}@media (max-width:991.98px){.gspb_text-id-gsbp-0703bfc,.gspb_text-id-gsbp-0703bfc .gsap-g-line{text-align:center!important}}#gspb_row-id-gsbp-6e2e20b{justify-content:space-between;margin-top:0;display:flex;flex-wrap:wrap;margin-bottom:120px}#gspb_row-id-gsbp-6e2e20b>.gspb_row__content{display:flex;justify-content:space-between;margin:0 auto;width:100%;flex-wrap:wrap}.gspb_row{position:relative}@media (max-width:991.98px){#gspb_row-id-gsbp-6e2e20b>.gspb_row__content{row-gap:80px}}@media (max-width:575.98px){#gspb_row-id-gsbp-6e2e20b>.gspb_row__content{row-gap:60px}}body.gspb-bodyfront #gspb_row-id-gsbp-1fe0cc7>.gspb_row__content,body.gspb-bodyfront #gspb_row-id-gsbp-6e2e20b>.gspb_row__content{width:var(--theme-container-width, 1200px);max-width:var(--theme-normal-container-max-width, 1200px)}@media (max-width:991.98px){#gspb_row-id-gsbp-6e2e20b{margin-bottom:80px}}@media (max-width:575.98px){#gspb_row-id-gsbp-6e2e20b{margin-bottom:60px}}#gspb_col-id-gsbp-cb4d77e.gspb_row__col--6{width:calc(50% - 40px)}@media (max-width:991.98px){#gspb_col-id-gsbp-cb4d77e.gspb_row__col--6{width:100%}}@media (max-width:767.98px){#gspb_col-id-gsbp-cb4d77e.gspb_row__col--6{width:calc(100% - 40px)}}@media (max-width:575.98px){#gspb_col-id-gsbp-cb4d77e.gspb_row__col--6{width:100%}}@media (min-width:992px){body.gspb-bodyfront #gspb_col-id-gsbp-cb4d77e.gspb_row__col--6{width:calc(45% - 0px - 40px)}}.gspb_row #gspb_col-id-gsbp-cb4d77e.gspb_row__col--6{padding:60px}@media (max-width:991.98px){.gspb_row #gspb_col-id-gsbp-cb4d77e.gspb_row__col--6{padding:50px}}@media (max-width:575.98px){.gspb_row #gspb_col-id-gsbp-cb4d77e.gspb_row__col--6{padding:35px}}#gspb_col-id-gsbp-cb4d77e.gspb_row__col--6{background-color:var(--wp--preset--color--palette-color-9, var(--theme-palette-color-9, #FFE8DA))}#gspb_col-id-gsbp-cb4d77e.gspb_row__col--6,#gspb_col-id-gsbp-cb4d77e.gspb_row__col--6>.gspb_backgroundOverlay{border-top-left-radius:40px;border-top-right-radius:40px;border-bottom-right-radius:40px;border-bottom-left-radius:40px}#gspb_iconBox-id-gsbp-45dde79 svg{height:30px!important;width:30px!important;min-width:30px!important;margin:0!important;transform:rotateY(180deg)}#gspb_iconBox-id-gsbp-45dde79{display:flex}@media (max-width:991.98px){#gspb_iconBox-id-gsbp-45dde79{justify-content:center}}#gspb_iconBox-id-gsbp-45dde79 svg,#gspb_iconBox-id-gsbp-45dde79 svg path,#gspb_iconBox-id-gsbp-45dde79 svg:hover,#gspb_iconBox-id-gsbp-45dde79 svg:hover path{fill:var(--theme-link-initial-color, #2184f9)!important}#gspb_iconBox-id-gsbp-45dde79 .gspb_iconBox__wrapper{margin-top:0;margin-bottom:15px}#gspb_heading-id-gsbp-ffac296{font-size:20px}@media (max-width:991.98px){#gspb_heading-id-gsbp-ffac296,#gspb_heading-id-gsbp-ffac296 .gsap-g-line{text-align:center!important}}#gspb_heading-id-gsbp-ffac296{margin-top:0;margin-bottom:5px}@media (max-width:991.98px){.gspb_text-id-gsbp-796777c,.gspb_text-id-gsbp-796777c .gsap-g-line{text-align:center!important}}.gspb_text-id-gsbp-796777c{color:var(--wp--preset--color--palette-color-2, var(--theme-palette-color-2, #24417C));margin-bottom:50px!important}#gspb_iconBox-id-gsbp-e1f4a87{display:flex}@media (max-width:991.98px){#gspb_iconBox-id-gsbp-e1f4a87{justify-content:center}}#gspb_iconBox-id-gsbp-e1f4a87 svg,#gspb_iconBox-id-gsbp-e1f4a87 svg path,#gspb_iconBox-id-gsbp-e1f4a87 svg:hover,#gspb_iconBox-id-gsbp-e1f4a87 svg:hover path{fill:var(--theme-link-initial-color, #2184f9)!important}#gspb_iconBox-id-gsbp-e1f4a87 .gspb_iconBox__wrapper{margin-top:0;margin-bottom:15px}#gspb_heading-id-gsbp-e3d6d52{font-size:20px}@media (max-width:991.98px){#gspb_heading-id-gsbp-e3d6d52,#gspb_heading-id-gsbp-e3d6d52 .gsap-g-line{text-align:center!important}}#gspb_heading-id-gsbp-e3d6d52{margin-top:0;margin-bottom:5px}@media (max-width:991.98px){.gspb_text-id-gsbp-a6fe7af,.gspb_text-id-gsbp-a6fe7af .gsap-g-line{text-align:center!important}}.gspb_text-id-gsbp-a6fe7af{color:var(--wp--preset--color--palette-color-2, var(--theme-palette-color-2, #24417C));margin-bottom:50px!important}#gspb_iconBox-id-gsbp-a03404c svg,#gspb_iconBox-id-gsbp-e1f4a87 svg{height:30px!important;width:30px!important;min-width:30px!important;margin:0!important;transform:rotateY(180deg)}#gspb_iconBox-id-gsbp-a03404c{display:flex}@media (max-width:991.98px){#gspb_iconBox-id-gsbp-a03404c{justify-content:center}}#gspb_iconBox-id-gsbp-a03404c svg,#gspb_iconBox-id-gsbp-a03404c svg path,#gspb_iconBox-id-gsbp-a03404c svg:hover,#gspb_iconBox-id-gsbp-a03404c svg:hover path{fill:var(--theme-link-initial-color, #2184f9)!important}#gspb_iconBox-id-gsbp-a03404c .gspb_iconBox__wrapper{margin-top:0;margin-bottom:15px}#gspb_heading-id-gsbp-eddc1ee{font-size:20px}@media (max-width:991.98px){#gspb_heading-id-gsbp-eddc1ee,#gspb_heading-id-gsbp-eddc1ee .gsap-g-line{text-align:center!important}}#gspb_heading-id-gsbp-eddc1ee{margin-top:0;margin-bottom:5px}@media (max-width:991.98px){.gspb_text-id-gsbp-178d72b,.gspb_text-id-gsbp-178d72b .gsap-g-line{text-align:center!important}}.gspb_text-id-gsbp-178d72b{color:var(--wp--preset--color--palette-color-2, var(--theme-palette-color-2, #24417C))}#gspb_col-id-gsbp-46d49b7.gspb_row__col--6{width:calc(50% - 40px)}@media (max-width:991.98px){#gspb_col-id-gsbp-46d49b7.gspb_row__col--6{width:100%}}@media (max-width:767.98px){#gspb_col-id-gsbp-46d49b7.gspb_row__col--6{width:calc(100% - 40px)}}@media (max-width:575.98px){#gspb_col-id-gsbp-46d49b7.gspb_row__col--6{width:100%}}@media (min-width:992px){body.gspb-bodyfront #gspb_col-id-gsbp-46d49b7.gspb_row__col--6{width:calc(55% - 0px - 40px)}}.gspb_row #gspb_col-id-gsbp-46d49b7.gspb_row__col--6{padding:0}@media (max-width:991.98px){#gspb_heading-id-gsbp-d1b4c76{font-size:30px}}@media (max-width:575.98px){#gspb_heading-id-gsbp-d1b4c76{font-size:25px}}@media (max-width:991.98px){#gspb_heading-id-gsbp-d1b4c76,#gspb_heading-id-gsbp-d1b4c76 .gsap-g-line{text-align:center!important}}#gspb_heading-id-gsbp-d1b4c76{margin-top:0;margin-bottom:10px}.gspb_container-id-gsbp-318027b{flex-direction:column;box-sizing:border-box}#gspb_container-id-gsbp-318027b.gspb_container{position:relative;background-color:var(--wp--preset--color--palette-color-7, var(--theme-palette-color-7, #F7FAFD));height:115px}.gspb_id-gsbp-f7008c2{display:flex;overflow:hidden;border-top-left-radius:25px;border-top-right-radius:25px;border-bottom-right-radius:25px;border-bottom-left-radius:25px}.gspb_id-gsbp-f7008c2 .gspb_map-wrapper{width:100%;height:400px;isolation:isolate}","footnotes":""},"class_list":["post-16","page","type-page","status-publish","hentry"],"blocksy_meta":{"has_hero_section":"disabled","vertical_spacing_source":"custom","content_area_spacing":"none","styles_descriptor":{"styles":{"desktop":"","tablet":"","mobile":""},"google_fonts":[],"version":6}},"yoast_head":"<!-- This site is optimized with the Yoast SEO plugin v27.4 - https:\/\/yoast.com\/product\/yoast-seo-wordpress\/ -->\n<title>\u0130LET\u0130\u015e\u0130M - Yns Makina<\/title>\n<meta name=\"robots\" content=\"index, follow, max-snippet:-1, max-image-preview:large, max-video-preview:-1\" \/>\n<link rel=\"canonical\" href=\"https:\/\/ynsmak.com.tr\/index.php\/contact\/\" \/>\n<meta property=\"og:locale\" content=\"tr_TR\" \/>\n<meta property=\"og:type\" content=\"article\" \/>\n<meta property=\"og:title\" content=\"\u0130LET\u0130\u015e\u0130M - Yns Makina\" \/>\n<meta property=\"og:url\" content=\"https:\/\/ynsmak.com.tr\/index.php\/contact\/\" \/>\n<meta property=\"og:site_name\" content=\"Yns Makina\" \/>\n<meta property=\"article:modified_time\" content=\"2025-06-23T12:29:43+00:00\" \/>\n<meta property=\"og:image\" content=\"https:\/\/ynsmak.com.tr\/wp-content\/uploads\/2025\/07\/cropped-logo-20.png\" \/>\n\t<meta property=\"og:image:width\" content=\"512\" \/>\n\t<meta property=\"og:image:height\" content=\"512\" \/>\n\t<meta property=\"og:image:type\" content=\"image\/png\" \/>\n<meta name=\"twitter:card\" content=\"summary_large_image\" \/>\n<meta name=\"twitter:label1\" content=\"Tahmini okuma s\u00fcresi\" \/>\n\t<meta name=\"twitter:data1\" content=\"1 dakika\" \/>\n<script type=\"application\/ld+json\" class=\"yoast-schema-graph\">{\"@context\":\"https:\\\/\\\/schema.org\",\"@graph\":[{\"@type\":\"WebPage\",\"@id\":\"https:\\\/\\\/ynsmak.com.tr\\\/index.php\\\/contact\\\/\",\"url\":\"https:\\\/\\\/ynsmak.com.tr\\\/index.php\\\/contact\\\/\",\"name\":\"\u0130LET\u0130\u015e\u0130M - Yns Makina\",\"isPartOf\":{\"@id\":\"https:\\\/\\\/ynsmak.com.tr\\\/#website\"},\"datePublished\":\"2024-01-29T16:48:23+00:00\",\"dateModified\":\"2025-06-23T12:29:43+00:00\",\"breadcrumb\":{\"@id\":\"https:\\\/\\\/ynsmak.com.tr\\\/index.php\\\/contact\\\/#breadcrumb\"},\"inLanguage\":\"tr\",\"potentialAction\":[{\"@type\":\"ReadAction\",\"target\":[\"https:\\\/\\\/ynsmak.com.tr\\\/index.php\\\/contact\\\/\"]}]},{\"@type\":\"BreadcrumbList\",\"@id\":\"https:\\\/\\\/ynsmak.com.tr\\\/index.php\\\/contact\\\/#breadcrumb\",\"itemListElement\":[{\"@type\":\"ListItem\",\"position\":1,\"name\":\"Anasayfa\",\"item\":\"https:\\\/\\\/ynsmak.com.tr\\\/\"},{\"@type\":\"ListItem\",\"position\":2,\"name\":\"\u0130LET\u0130\u015e\u0130M\"}]},{\"@type\":\"WebSite\",\"@id\":\"https:\\\/\\\/ynsmak.com.tr\\\/#website\",\"url\":\"https:\\\/\\\/ynsmak.com.tr\\\/\",\"name\":\"Yns Makina\",\"description\":\"\",\"publisher\":{\"@id\":\"https:\\\/\\\/ynsmak.com.tr\\\/#organization\"},\"potentialAction\":[{\"@type\":\"SearchAction\",\"target\":{\"@type\":\"EntryPoint\",\"urlTemplate\":\"https:\\\/\\\/ynsmak.com.tr\\\/?s={search_term_string}\"},\"query-input\":{\"@type\":\"PropertyValueSpecification\",\"valueRequired\":true,\"valueName\":\"search_term_string\"}}],\"inLanguage\":\"tr\"},{\"@type\":\"Organization\",\"@id\":\"https:\\\/\\\/ynsmak.com.tr\\\/#organization\",\"name\":\"Yns Makina\",\"url\":\"https:\\\/\\\/ynsmak.com.tr\\\/\",\"logo\":{\"@type\":\"ImageObject\",\"inLanguage\":\"tr\",\"@id\":\"https:\\\/\\\/ynsmak.com.tr\\\/#\\\/schema\\\/logo\\\/image\\\/\",\"url\":\"https:\\\/\\\/ynsmak.com.tr\\\/wp-content\\\/uploads\\\/2025\\\/06\\\/ZIYADE-LOGO.pdf-8.png\",\"contentUrl\":\"https:\\\/\\\/ynsmak.com.tr\\\/wp-content\\\/uploads\\\/2025\\\/06\\\/ZIYADE-LOGO.pdf-8.png\",\"width\":1262,\"height\":816,\"caption\":\"Yns Makina\"},\"image\":{\"@id\":\"https:\\\/\\\/ynsmak.com.tr\\\/#\\\/schema\\\/logo\\\/image\\\/\"}}]}<\/script>\n<!-- \/ Yoast SEO plugin. -->","yoast_head_json":{"title":"\u0130LET\u0130\u015e\u0130M - Yns Makina","robots":{"index":"index","follow":"follow","max-snippet":"max-snippet:-1","max-image-preview":"max-image-preview:large","max-video-preview":"max-video-preview:-1"},"canonical":"https:\/\/ynsmak.com.tr\/index.php\/contact\/","og_locale":"tr_TR","og_type":"article","og_title":"\u0130LET\u0130\u015e\u0130M - Yns Makina","og_url":"https:\/\/ynsmak.com.tr\/index.php\/contact\/","og_site_name":"Yns Makina","article_modified_time":"2025-06-23T12:29:43+00:00","og_image":[{"width":512,"height":512,"url":"https:\/\/ynsmak.com.tr\/wp-content\/uploads\/2025\/07\/cropped-logo-20.png","type":"image\/png"}],"twitter_card":"summary_large_image","twitter_misc":{"Tahmini okuma s\u00fcresi":"1 dakika"},"schema":{"@context":"https:\/\/schema.org","@graph":[{"@type":"WebPage","@id":"https:\/\/ynsmak.com.tr\/index.php\/contact\/","url":"https:\/\/ynsmak.com.tr\/index.php\/contact\/","name":"\u0130LET\u0130\u015e\u0130M - Yns Makina","isPartOf":{"@id":"https:\/\/ynsmak.com.tr\/#website"},"datePublished":"2024-01-29T16:48:23+00:00","dateModified":"2025-06-23T12:29:43+00:00","breadcrumb":{"@id":"https:\/\/ynsmak.com.tr\/index.php\/contact\/#breadcrumb"},"inLanguage":"tr","potentialAction":[{"@type":"ReadAction","target":["https:\/\/ynsmak.com.tr\/index.php\/contact\/"]}]},{"@type":"BreadcrumbList","@id":"https:\/\/ynsmak.com.tr\/index.php\/contact\/#breadcrumb","itemListElement":[{"@type":"ListItem","position":1,"name":"Anasayfa","item":"https:\/\/ynsmak.com.tr\/"},{"@type":"ListItem","position":2,"name":"\u0130LET\u0130\u015e\u0130M"}]},{"@type":"WebSite","@id":"https:\/\/ynsmak.com.tr\/#website","url":"https:\/\/ynsmak.com.tr\/","name":"Yns Makina","description":"","publisher":{"@id":"https:\/\/ynsmak.com.tr\/#organization"},"potentialAction":[{"@type":"SearchAction","target":{"@type":"EntryPoint","urlTemplate":"https:\/\/ynsmak.com.tr\/?s={search_term_string}"},"query-input":{"@type":"PropertyValueSpecification","valueRequired":true,"valueName":"search_term_string"}}],"inLanguage":"tr"},{"@type":"Organization","@id":"https:\/\/ynsmak.com.tr\/#organization","name":"Yns Makina","url":"https:\/\/ynsmak.com.tr\/","logo":{"@type":"ImageObject","inLanguage":"tr","@id":"https:\/\/ynsmak.com.tr\/#\/schema\/logo\/image\/","url":"https:\/\/ynsmak.com.tr\/wp-content\/uploads\/2025\/06\/ZIYADE-LOGO.pdf-8.png","contentUrl":"https:\/\/ynsmak.com.tr\/wp-content\/uploads\/2025\/06\/ZIYADE-LOGO.pdf-8.png","width":1262,"height":816,"caption":"Yns Makina"},"image":{"@id":"https:\/\/ynsmak.com.tr\/#\/schema\/logo\/image\/"}}]}},"_links":{"self":[{"href":"https:\/\/ynsmak.com.tr\/index.php\/wp-json\/wp\/v2\/pages\/16","targetHints":{"allow":["GET"]}}],"collection":[{"href":"https:\/\/ynsmak.com.tr\/index.php\/wp-json\/wp\/v2\/pages"}],"about":[{"href":"https:\/\/ynsmak.com.tr\/index.php\/wp-json\/wp\/v2\/types\/page"}],"author":[{"embeddable":true,"href":"https:\/\/ynsmak.com.tr\/index.php\/wp-json\/wp\/v2\/users\/1"}],"replies":[{"embeddable":true,"href":"https:\/\/ynsmak.com.tr\/index.php\/wp-json\/wp\/v2\/comments?post=16"}],"version-history":[{"count":2,"href":"https:\/\/ynsmak.com.tr\/index.php\/wp-json\/wp\/v2\/pages\/16\/revisions"}],"predecessor-version":[{"id":580,"href":"https:\/\/ynsmak.com.tr\/index.php\/wp-json\/wp\/v2\/pages\/16\/revisions\/580"}],"wp:attachment":[{"href":"https:\/\/ynsmak.com.tr\/index.php\/wp-json\/wp\/v2\/media?parent=16"}],"curies":[{"name":"wp","href":"https:\/\/api.w.org\/{rel}","templated":true}]}}